{"id":926,"date":"2019-11-25T20:13:38","date_gmt":"2019-11-25T19:13:38","guid":{"rendered":"https:\/\/blogdelarectora.uo.edu.cu\/?page_id=926"},"modified":"2020-01-17T13:48:09","modified_gmt":"2020-01-17T12:48:09","slug":"presentaciones","status":"publish","type":"page","link":"https:\/\/blogdelarectora.uo.edu.cu\/?page_id=926","title":{"rendered":"Presentaciones"},"content":{"rendered":"\n<p><a href=\"https:\/\/blogdelarectora.uo.edu.cu\/wp-content\/uploads\/2019\/12\/Preparacion-de-cuadros-VF-1.pptx\">Presentaci\u00f3n sobre redes sociales. Preparaci\u00f3n de Cuadros Noviembre 2019<\/a><\/p>\n\n\n\n<p><a href=\"https:\/\/blogdelarectora.uo.edu.cu\/wp-content\/uploads\/2020\/01\/Universidad-Sociedad-VF.pptx\">V\u00ednculo Universidad &#8211; Sociedad. Actualizaci\u00f3n de las pol\u00edticas p\u00fablicas<\/a><\/p>\n\n\n\n<p><a href=\"https:\/\/blogdelarectora.uo.edu.cu\/wp-content\/uploads\/2020\/01\/Presentaci\u00f3n-EVI-Rectora-1-octubre-2017-VF.pptx\">Presentaci\u00f3n Evaluaci\u00f3n Institucional 2017<\/a><\/p>\n\n\n\n<p><a href=\"https:\/\/blogdelarectora.uo.edu.cu\/wp-content\/uploads\/2020\/01\/RR-ODS-JUNIO-2019-TERMINADO-VF.pptx\">Reuni\u00f3n de Rectores ODS &#8211; Junio 2019<\/a><\/p>\n\n\n\n<p><a href=\"https:\/\/blogdelarectora.uo.edu.cu\/wp-content\/uploads\/2020\/01\/Visita-CCPCC-junio-2019.pptx\">Visita CCPCC a la UO Junio 2019<\/a><\/p>\n\n\n\n<p><a href=\"https:\/\/blogdelarectora.uo.edu.cu\/wp-content\/uploads\/2020\/01\/RR-Espa\u00f1a.pptx\">Reuni\u00f3n de Rectores Cuba &#8211; Espa\u00f1a<\/a><\/p>\n\n\n\n<p><a href=\"https:\/\/blogdelarectora.uo.edu.cu\/wp-content\/uploads\/2020\/01\/SEMINARIO-PREPARACION-CURSO-ACADEMICO-2018-2019-VF.ppt\">Seminario de Preparaci\u00f3n del Curso Acad\u00e9mico 2018 &#8211; 2019<\/a> <\/p>\n\n\n\n<p><a href=\"https:\/\/blogdelarectora.uo.edu.cu\/wp-content\/uploads\/2020\/01\/Visita-Gubernamental.pptx\">Visita Gubernamental a la UO &#8211; Marzo 2019<\/a><\/p>\n\n\n\n<p><a href=\"https:\/\/blogdelarectora.uo.edu.cu\/wp-content\/uploads\/2020\/01\/REUNI\u00d3N-CON-LOS-PPAA-SEPTIEMBRE-2018.ppt\">Reuni\u00f3n con los PPAA Septiembre 2018<\/a><\/p>\n\n\n\n<p><a href=\"https:\/\/blogdelarectora.uo.edu.cu\/wp-content\/uploads\/2020\/01\/RECORRIDO-DEL-MINISTERIO-INICIO-DEL-CURSO-2017-2018-versi\u00f3n-final-30-08-2017.ppt\">Recorrido del Ministerio Inicio de Curso 2017 &#8211; 2018<\/a><\/p>\n\n\n\n<p><a href=\"https:\/\/blogdelarectora.uo.edu.cu\/wp-content\/uploads\/2020\/01\/RECORRIDO-DEL-MES-ASEGURAMIENTOS-DEL-CURSO-ACADEMICO-2018-2019-VF.ppt\">Recorrido del Ministerio Inicio de Curso 2018 &#8211; 2019<\/a><\/p>\n\n\n\n<p><a href=\"https:\/\/blogdelarectora.uo.edu.cu\/wp-content\/uploads\/2020\/01\/Presentaci\u00f3n-del-Reglamento-Org\u00e1nico-de-la-UO-VF-1.pdf\">Presentaci\u00f3n del Reglamento Org\u00e1nico de la UO<\/a><\/p>\n\n\n\n<p><a href=\"https:\/\/blogdelarectora.uo.edu.cu\/wp-content\/uploads\/2020\/01\/Papel-UNIVERSIDAD-EN-MUNICIPIOS-ANPP-abril2019.pptx\">Papel de la Universidad en los municipio ANPP Abril 2019<\/a><\/p>\n\n\n\n<p><a href=\"https:\/\/blogdelarectora.uo.edu.cu\/wp-content\/uploads\/2020\/01\/Meteoro.-Tarea-Vida.pptx\">Presentaci\u00f3n de la Tarea Vida. Meteoro 2019<\/a><\/p>\n\n\n\n<p><a href=\"https:\/\/blogdelarectora.uo.edu.cu\/wp-content\/uploads\/2020\/01\/Presentaci\u00f3n-Control-Interno.pptx\">Presentaci\u00f3n XII Comprobaci\u00f3n Nacional al Control Interno<\/a><\/p>\n\n\n\n<p><a href=\"https:\/\/blogdelarectora.uo.edu.cu\/wp-content\/uploads\/2020\/01\/MES-a-la-ANPP.ppt\">Presentaci\u00f3n del Ministerio de Educaci\u00f3n Superior a la ANPP 2019<\/a><\/p>\n\n\n\n<p><a href=\"https:\/\/blogdelarectora.uo.edu.cu\/wp-content\/uploads\/2020\/01\/Rectora-18-10-2018.ppt\">Reuni\u00f3n con los Jefes de Departamento Octubre &#8211; 2018<\/a><\/p>\n","protected":false},"excerpt":{"rendered":"<div class=\"mh-excerpt\"><p>Presentaci\u00f3n sobre redes sociales. Preparaci\u00f3n de Cuadros Noviembre 2019 V\u00ednculo Universidad &#8211; Sociedad. Actualizaci\u00f3n de las pol\u00edticas p\u00fablicas Presentaci\u00f3n Evaluaci\u00f3n Institucional 2017 Reuni\u00f3n de Rectores <a class=\"mh-excerpt-more\" href=\"https:\/\/blogdelarectora.uo.edu.cu\/?page_id=926\" title=\"Presentaciones\">[&#8230;]<\/a><\/p>\n<\/div>","protected":false},"author":2,"featured_media":0,"parent":0,"menu_order":0,"comment_status":"closed","ping_status":"closed","template":"","meta":{"_bbp_topic_count":0,"_bbp_reply_count":0,"_bbp_total_topic_count":0,"_bbp_total_reply_count":0,"_bbp_voice_count":0,"_bbp_anonymous_reply_count":0,"_bbp_topic_count_hidden":0,"_bbp_reply_count_hidden":0,"_bbp_forum_subforum_count":0},"_links":{"self":[{"href":"https:\/\/blogdelarectora.uo.edu.cu\/index.php?rest_route=\/wp\/v2\/pages\/926"}],"collection":[{"href":"https:\/\/blogdelarectora.uo.edu.cu\/index.php?rest_route=\/wp\/v2\/pages"}],"about":[{"href":"https:\/\/blogdelarectora.uo.edu.cu\/index.php?rest_route=\/wp\/v2\/types\/page"}],"author":[{"embeddable":true,"href":"https:\/\/blogdelarectora.uo.edu.cu\/index.php?rest_route=\/wp\/v2\/users\/2"}],"replies":[{"embeddable":true,"href":"https:\/\/blogdelarectora.uo.edu.cu\/index.php?rest_route=%2Fwp%2Fv2%2Fcomments&post=926"}],"version-history":[{"count":22,"href":"https:\/\/blogdelarectora.uo.edu.cu\/index.php?rest_route=\/wp\/v2\/pages\/926\/revisions"}],"predecessor-version":[{"id":1321,"href":"https:\/\/blogdelarectora.uo.edu.cu\/index.php?rest_route=\/wp\/v2\/pages\/926\/revisions\/1321"}],"wp:attachment":[{"href":"https:\/\/blogdelarectora.uo.edu.cu\/index.php?rest_route=%2Fwp%2Fv2%2Fmedia&parent=926"}],"curies":[{"name":"wp","href":"https:\/\/api.w.org\/{rel}","templated":true}]}}